{"id":6,"date":"2022-06-22T22:35:21","date_gmt":"2022-06-22T20:35:21","guid":{"rendered":"http:\/\/onblwip.cluster030.hosting.ovh.net\/?page_id=6"},"modified":"2024-03-25T15:09:49","modified_gmt":"2024-03-25T14:09:49","slug":"accueil","status":"publish","type":"page","link":"https:\/\/aceconsulting.info\/en\/","title":{"rendered":"Home"},"content":{"rendered":"<div class=\"wp-block-cover alignfull wp-duotone-unset-1\"><span aria-hidden=\"true\" class=\"wp-block-cover__background has-neve-link-color-background-color has-background-dim-100 has-background-dim\"><\/span><div class=\"wp-block-cover__inner-container is-layout-flow wp-block-cover-is-layout-flow\">\n<div class=\"wp-block-columns is-layout-flex wp-container-core-columns-is-layout-9d6595d7 wp-block-columns-is-layout-flex\">\n<div class=\"wp-block-column is-vertically-aligned-center is-layout-flow wp-block-column-is-layout-flow\" style=\"flex-basis:70%\">\n<h2 class=\"wp-block-heading has-text-align-right has-nv-text-dark-bg-color has-text-color\">Retain Customers, <br>Grow your Business<\/h2>\n<\/div>\n\n\n\n<div class=\"wp-block-column is-layout-flow wp-block-column-is-layout-flow\" style=\"flex-basis:50%\"><div class=\"wp-block-image\">\n<figure class=\"aligncenter size-full is-resized\"><img loading=\"lazy\" decoding=\"async\" width=\"1280\" height=\"853\" src=\"http:\/\/onblwip.cluster030.hosting.ovh.net\/wp-content\/uploads\/2023\/04\/coach-conversation.jpg\" alt=\"\" class=\"wp-image-290\" style=\"width:640px;height:427px\" srcset=\"https:\/\/aceconsulting.info\/wp-content\/uploads\/2023\/04\/coach-conversation.jpg 1280w, https:\/\/aceconsulting.info\/wp-content\/uploads\/2023\/04\/coach-conversation-300x200.jpg 300w, https:\/\/aceconsulting.info\/wp-content\/uploads\/2023\/04\/coach-conversation-1024x682.jpg 1024w, https:\/\/aceconsulting.info\/wp-content\/uploads\/2023\/04\/coach-conversation-768x512.jpg 768w, https:\/\/aceconsulting.info\/wp-content\/uploads\/2023\/04\/coach-conversation-18x12.jpg 18w, https:\/\/aceconsulting.info\/wp-content\/uploads\/2023\/04\/coach-conversation-930x620.jpg 930w\" sizes=\"auto, (max-width: 1280px) 100vw, 1280px\" \/><\/figure>\n<\/div><\/div>\n<\/div>\n<\/div><\/div>\n\n\n\n<div class=\"wp-block-cover\"><span aria-hidden=\"true\" class=\"wp-block-cover__background has-nv-text-dark-bg-background-color has-background-dim-100 has-background-dim\"><\/span><div class=\"wp-block-cover__inner-container is-layout-flow wp-block-cover-is-layout-flow\">\n<p class=\"has-neve-text-color-color has-text-color\">If you are a SaaS B2B company, we help you build, develop or transform your Customer Success organisation in a sustainable way.<\/p>\n\n\n\n<p class=\"has-neve-text-color-color has-text-color\">Start-up, scale-up, do you want to improve your Customer Success operations? We help you structure your CS organisation.<\/p>\n\n\n\n<p class=\"has-neve-text-color-color has-text-color\">Do you want to improve the adoption of your products\/services and reduce the churn rate? Our experts are here to support you!<\/p>\n\n\n\n<p class=\"has-neve-text-color-color has-text-color\">Whatever your challenges or your CS objectives, our team is available to discuss with you and identify how to help you impact the retention and satisfaction of your customers in order to develop a sustainable growth of your revenue,&nbsp;<a href=\"http:\/\/onblwip.cluster030.hosting.ovh.net\/contact\">contact us<\/a>.<\/p>\n<\/div><\/div>\n\n\n\n<div class=\"wp-block-cover alignfull\" style=\"min-height:300px;aspect-ratio:unset;\"><span aria-hidden=\"true\" class=\"wp-block-cover__background has-nv-dark-bg-background-color has-background-dim-100 has-background-dim\"><\/span><div class=\"wp-block-cover__inner-container is-layout-flow wp-block-cover-is-layout-flow\">\n<div style=\"height:80px\" aria-hidden=\"true\" class=\"wp-block-spacer\"><\/div>\n\n\n\n<h2 class=\"wp-block-heading has-text-align-center has-nv-text-dark-bg-color has-text-color translation-block\">Time to invest in your <br>Customer Success operations<\/h2>\n\n\n\n<div style=\"height:80px\" aria-hidden=\"true\" class=\"wp-block-spacer\"><\/div>\n<\/div><\/div>\n\n\n\n<div style=\"height:80px\" aria-hidden=\"true\" class=\"wp-block-spacer\"><\/div>\n\n\n\n<div class=\"wp-block-columns is-layout-flex wp-container-core-columns-is-layout-9d6595d7 wp-block-columns-is-layout-flex\">\n<div class=\"wp-block-column is-layout-flow wp-block-column-is-layout-flow\">\n<div style=\"height:60px\" aria-hidden=\"true\" class=\"wp-block-spacer\"><\/div>\n\n\n<div class=\"wp-block-image\">\n<figure class=\"aligncenter size-full\"><img loading=\"lazy\" decoding=\"async\" width=\"420\" height=\"126\" src=\"http:\/\/onblwip.cluster030.hosting.ovh.net\/wp-content\/uploads\/2023\/03\/image.png\" alt=\"\" class=\"wp-image-120\" srcset=\"https:\/\/aceconsulting.info\/wp-content\/uploads\/2023\/03\/image.png 420w, https:\/\/aceconsulting.info\/wp-content\/uploads\/2023\/03\/image-300x90.png 300w, https:\/\/aceconsulting.info\/wp-content\/uploads\/2023\/03\/image-18x5.png 18w\" sizes=\"auto, (max-width: 420px) 100vw, 420px\" \/><\/figure>\n<\/div>\n\n\n<div style=\"height:60px\" aria-hidden=\"true\" class=\"wp-block-spacer\"><\/div>\n\n\n\n<h3 class=\"wp-block-heading has-text-align-center has-neve-text-color-color has-text-color\">Expertise<\/h3>\n\n\n\n<p class=\"has-text-align-center translation-block\">15 years in Customer Success<\/p>\n\n\n\n<div style=\"height:20px\" aria-hidden=\"true\" class=\"wp-block-spacer\"><\/div>\n<\/div>\n\n\n\n<div class=\"wp-block-column is-layout-flow wp-block-column-is-layout-flow\"><div class=\"wp-block-image\">\n<figure class=\"aligncenter size-full\"><img loading=\"lazy\" decoding=\"async\" width=\"224\" height=\"226\" src=\"http:\/\/onblwip.cluster030.hosting.ovh.net\/wp-content\/uploads\/2023\/03\/image-1.png\" alt=\"\" class=\"wp-image-121\" srcset=\"https:\/\/aceconsulting.info\/wp-content\/uploads\/2023\/03\/image-1.png 224w, https:\/\/aceconsulting.info\/wp-content\/uploads\/2023\/03\/image-1-150x150.png 150w, https:\/\/aceconsulting.info\/wp-content\/uploads\/2023\/03\/image-1-12x12.png 12w\" sizes=\"auto, (max-width: 224px) 100vw, 224px\" \/><\/figure>\n<\/div>\n\n\n<h3 class=\"wp-block-heading has-text-align-center has-neve-text-color-color has-text-color\">Bespoke<\/h3>\n\n\n\n<p class=\"has-text-align-center translation-block\">Recommendations and Solutions <br>adapted for your success<\/p>\n\n\n\n<div style=\"height:20px\" aria-hidden=\"true\" class=\"wp-block-spacer\"><\/div>\n<\/div>\n\n\n\n<div class=\"wp-block-column is-layout-flow wp-block-column-is-layout-flow\"><div class=\"wp-block-image\">\n<figure class=\"aligncenter size-full\"><img loading=\"lazy\" decoding=\"async\" width=\"224\" height=\"224\" src=\"http:\/\/onblwip.cluster030.hosting.ovh.net\/wp-content\/uploads\/2023\/03\/image-4.png\" alt=\"\" class=\"wp-image-124\" srcset=\"https:\/\/aceconsulting.info\/wp-content\/uploads\/2023\/03\/image-4.png 224w, https:\/\/aceconsulting.info\/wp-content\/uploads\/2023\/03\/image-4-150x150.png 150w, https:\/\/aceconsulting.info\/wp-content\/uploads\/2023\/03\/image-4-12x12.png 12w\" sizes=\"auto, (max-width: 224px) 100vw, 224px\" \/><\/figure>\n<\/div>\n\n\n<h3 class=\"wp-block-heading has-text-align-center has-neve-text-color-color has-text-color\">Impact<\/h3>\n\n\n\n<p class=\"has-text-align-center translation-block\">Retention, Growth, <br>Improved performance<\/p>\n\n\n\n<div style=\"height:20px\" aria-hidden=\"true\" class=\"wp-block-spacer\"><\/div>\n<\/div>\n<\/div>","protected":false},"excerpt":{"rendered":"<p>Expertise 15 ann\u00e9es dans les m\u00e9tiers du Customer Success Sur mesure Recommandations et solutions adapt\u00e9es pour votre succ\u00e8s Impact R\u00e9tention, Croissance, Performance am\u00e9lior\u00e9s<\/p>","protected":false},"author":1,"featured_media":0,"parent":0,"menu_order":0,"comment_status":"closed","ping_status":"closed","template":"","meta":{"neve_meta_sidebar":"","neve_meta_container":"","neve_meta_enable_content_width":"on","neve_meta_content_width":100,"neve_meta_title_alignment":"left","neve_meta_author_avatar":"","neve_post_elements_order":"","neve_meta_disable_header":"","neve_meta_disable_footer":"","neve_meta_disable_title":"on","footnotes":""},"class_list":["post-6","page","type-page","status-publish","hentry"],"_links":{"self":[{"href":"https:\/\/aceconsulting.info\/en\/wp-json\/wp\/v2\/pages\/6","targetHints":{"allow":["GET"]}}],"collection":[{"href":"https:\/\/aceconsulting.info\/en\/wp-json\/wp\/v2\/pages"}],"about":[{"href":"https:\/\/aceconsulting.info\/en\/wp-json\/wp\/v2\/types\/page"}],"author":[{"embeddable":true,"href":"https:\/\/aceconsulting.info\/en\/wp-json\/wp\/v2\/users\/1"}],"replies":[{"embeddable":true,"href":"https:\/\/aceconsulting.info\/en\/wp-json\/wp\/v2\/comments?post=6"}],"version-history":[{"count":42,"href":"https:\/\/aceconsulting.info\/en\/wp-json\/wp\/v2\/pages\/6\/revisions"}],"predecessor-version":[{"id":678,"href":"https:\/\/aceconsulting.info\/en\/wp-json\/wp\/v2\/pages\/6\/revisions\/678"}],"wp:attachment":[{"href":"https:\/\/aceconsulting.info\/en\/wp-json\/wp\/v2\/media?parent=6"}],"curies":[{"name":"wp","href":"https:\/\/api.w.org\/{rel}","templated":true}]}}